{"id":7106,"date":"2023-08-03T17:24:56","date_gmt":"2023-08-03T17:24:56","guid":{"rendered":"https:\/\/nutrifresh.com\/p\/spelucchino\/"},"modified":"2023-09-04T08:21:48","modified_gmt":"2023-09-04T08:21:48","slug":"spelucchino","status":"publish","type":"product","link":"https:\/\/nutrifresh.com\/it\/p\/spelucchino\/","title":{"rendered":"Spelucchino"},"content":{"rendered":"<p>Lo spelucchino nutrifresh\u2122 ti consente di creare capolavori in assoluta tranquillit\u00e0. L\u2019impugnatura ergonomica offre maggiore comodit\u00e0 e controllo. Nonostante le dimensioni compatte e il peso leggero, il nostro spelucchino \u00e8 dotato di una lama affilata su entrambi i lati per ottenere tagli netti e precisi. La precisione di questo utensile migliorer\u00e0 la tua abilit\u00e0 in cucina e far\u00e0 di te un artista del taglio preciso.<\/p>\n","protected":false},"excerpt":{"rendered":"<p>La precisione a portata di mano<\/p>\n","protected":false},"featured_media":4656,"template":"","meta":{"inline_featured_image":false},"product_cat":[525],"product_tag":[],"class_list":{"0":"post-7106","1":"product","2":"type-product","3":"status-publish","4":"has-post-thumbnail","6":"product_cat-easy-prep-it","8":"first","9":"instock","10":"shipping-taxable","11":"product-type-simple"},"acf":[],"yoast_head":"<!-- This site is optimized with the Yoast SEO plugin v23.2 - https:\/\/yoast.com\/wordpress\/plugins\/seo\/ -->\n<title>Spelucchino | nutrifresh<\/title>\n<meta name=\"description\" content=\"Lo spelucchino nutrifresh\u2122 ti consente di creare capolavori in assoluta tranquillit\u00e0 grazie all\u2019impugnatura ergonomica e le dimensioni compatte.\" \/>\n<meta name=\"robots\" content=\"index, follow, max-snippet:-1, max-image-preview:large, max-video-preview:-1\" \/>\n<link rel=\"canonical\" href=\"https:\/\/nutrifresh.com\/it\/p\/spelucchino\/\" \/>\n<meta property=\"og:locale\" content=\"it_IT\" \/>\n<meta property=\"og:type\" content=\"article\" \/>\n<meta property=\"og:title\" content=\"Spelucchino | nutrifresh\" \/>\n<meta property=\"og:description\" content=\"Lo spelucchino nutrifresh\u2122 ti consente di creare capolavori in assoluta tranquillit\u00e0 grazie all\u2019impugnatura ergonomica e le dimensioni compatte.\" \/>\n<meta property=\"og:url\" content=\"https:\/\/nutrifresh.com\/it\/p\/spelucchino\/\" \/>\n<meta property=\"og:site_name\" content=\"Nutrifresh\" \/>\n<meta property=\"article:modified_time\" content=\"2023-09-04T08:21:48+00:00\" \/>\n<meta property=\"og:image\" content=\"https:\/\/nutrifresh.com\/wp-content\/uploads\/2023\/08\/P511079_9.5cm_Paring_Knife_front.jpg\" \/>\n\t<meta property=\"og:image:width\" content=\"1200\" \/>\n\t<meta property=\"og:image:height\" content=\"1200\" \/>\n\t<meta property=\"og:image:type\" content=\"image\/jpeg\" \/>\n<meta name=\"twitter:card\" content=\"summary_large_image\" \/>\n<meta name=\"twitter:label1\" content=\"Tempo di lettura stimato\" \/>\n\t<meta name=\"twitter:data1\" content=\"1 minuto\" \/>\n<script type=\"application\/ld+json\" class=\"yoast-schema-graph\">{\"@context\":\"https:\/\/schema.org\",\"@graph\":[{\"@type\":\"WebPage\",\"@id\":\"https:\/\/nutrifresh.com\/it\/p\/spelucchino\/\",\"url\":\"https:\/\/nutrifresh.com\/it\/p\/spelucchino\/\",\"name\":\"Spelucchino | nutrifresh\",\"isPartOf\":{\"@id\":\"https:\/\/nutrifresh.com\/it\/#website\"},\"primaryImageOfPage\":{\"@id\":\"https:\/\/nutrifresh.com\/it\/p\/spelucchino\/#primaryimage\"},\"image\":{\"@id\":\"https:\/\/nutrifresh.com\/it\/p\/spelucchino\/#primaryimage\"},\"thumbnailUrl\":\"https:\/\/nutrifresh.com\/wp-content\/uploads\/2023\/08\/P511079_9.5cm_Paring_Knife_front.jpg\",\"datePublished\":\"2023-08-03T17:24:56+00:00\",\"dateModified\":\"2023-09-04T08:21:48+00:00\",\"description\":\"Lo spelucchino nutrifresh\u2122 ti consente di creare capolavori in assoluta tranquillit\u00e0 grazie all\u2019impugnatura ergonomica e le dimensioni compatte.\",\"breadcrumb\":{\"@id\":\"https:\/\/nutrifresh.com\/it\/p\/spelucchino\/#breadcrumb\"},\"inLanguage\":\"it-IT\",\"potentialAction\":[{\"@type\":\"ReadAction\",\"target\":[\"https:\/\/nutrifresh.com\/it\/p\/spelucchino\/\"]}]},{\"@type\":\"ImageObject\",\"inLanguage\":\"it-IT\",\"@id\":\"https:\/\/nutrifresh.com\/it\/p\/spelucchino\/#primaryimage\",\"url\":\"https:\/\/nutrifresh.com\/wp-content\/uploads\/2023\/08\/P511079_9.5cm_Paring_Knife_front.jpg\",\"contentUrl\":\"https:\/\/nutrifresh.com\/wp-content\/uploads\/2023\/08\/P511079_9.5cm_Paring_Knife_front.jpg\",\"width\":1200,\"height\":1200},{\"@type\":\"BreadcrumbList\",\"@id\":\"https:\/\/nutrifresh.com\/it\/p\/spelucchino\/#breadcrumb\",\"itemListElement\":[{\"@type\":\"ListItem\",\"position\":1,\"name\":\"Home\",\"item\":\"https:\/\/nutrifresh.com\/it\/homepage\/\"},{\"@type\":\"ListItem\",\"position\":2,\"name\":\"Acquista\",\"item\":\"https:\/\/nutrifresh.com\/it\/acquista\/\"},{\"@type\":\"ListItem\",\"position\":3,\"name\":\"Spelucchino\"}]},{\"@type\":\"WebSite\",\"@id\":\"https:\/\/nutrifresh.com\/it\/#website\",\"url\":\"https:\/\/nutrifresh.com\/it\/\",\"name\":\"Nutrifresh\",\"description\":\"A fresh way to eat healthier\",\"potentialAction\":[{\"@type\":\"SearchAction\",\"target\":{\"@type\":\"EntryPoint\",\"urlTemplate\":\"https:\/\/nutrifresh.com\/it\/?s={search_term_string}\"},\"query-input\":\"required name=search_term_string\"}],\"inLanguage\":\"it-IT\"}]}<\/script>\n<!-- \/ Yoast SEO plugin. -->","yoast_head_json":{"title":"Spelucchino | nutrifresh","description":"Lo spelucchino nutrifresh\u2122 ti consente di creare capolavori in assoluta tranquillit\u00e0 grazie all\u2019impugnatura ergonomica e le dimensioni compatte.","robots":{"index":"index","follow":"follow","max-snippet":"max-snippet:-1","max-image-preview":"max-image-preview:large","max-video-preview":"max-video-preview:-1"},"canonical":"https:\/\/nutrifresh.com\/it\/p\/spelucchino\/","og_locale":"it_IT","og_type":"article","og_title":"Spelucchino | nutrifresh","og_description":"Lo spelucchino nutrifresh\u2122 ti consente di creare capolavori in assoluta tranquillit\u00e0 grazie all\u2019impugnatura ergonomica e le dimensioni compatte.","og_url":"https:\/\/nutrifresh.com\/it\/p\/spelucchino\/","og_site_name":"Nutrifresh","article_modified_time":"2023-09-04T08:21:48+00:00","og_image":[{"width":1200,"height":1200,"url":"https:\/\/nutrifresh.com\/wp-content\/uploads\/2023\/08\/P511079_9.5cm_Paring_Knife_front.jpg","type":"image\/jpeg"}],"twitter_card":"summary_large_image","twitter_misc":{"Tempo di lettura stimato":"1 minuto"},"schema":{"@context":"https:\/\/schema.org","@graph":[{"@type":"WebPage","@id":"https:\/\/nutrifresh.com\/it\/p\/spelucchino\/","url":"https:\/\/nutrifresh.com\/it\/p\/spelucchino\/","name":"Spelucchino | nutrifresh","isPartOf":{"@id":"https:\/\/nutrifresh.com\/it\/#website"},"primaryImageOfPage":{"@id":"https:\/\/nutrifresh.com\/it\/p\/spelucchino\/#primaryimage"},"image":{"@id":"https:\/\/nutrifresh.com\/it\/p\/spelucchino\/#primaryimage"},"thumbnailUrl":"https:\/\/nutrifresh.com\/wp-content\/uploads\/2023\/08\/P511079_9.5cm_Paring_Knife_front.jpg","datePublished":"2023-08-03T17:24:56+00:00","dateModified":"2023-09-04T08:21:48+00:00","description":"Lo spelucchino nutrifresh\u2122 ti consente di creare capolavori in assoluta tranquillit\u00e0 grazie all\u2019impugnatura ergonomica e le dimensioni compatte.","breadcrumb":{"@id":"https:\/\/nutrifresh.com\/it\/p\/spelucchino\/#breadcrumb"},"inLanguage":"it-IT","potentialAction":[{"@type":"ReadAction","target":["https:\/\/nutrifresh.com\/it\/p\/spelucchino\/"]}]},{"@type":"ImageObject","inLanguage":"it-IT","@id":"https:\/\/nutrifresh.com\/it\/p\/spelucchino\/#primaryimage","url":"https:\/\/nutrifresh.com\/wp-content\/uploads\/2023\/08\/P511079_9.5cm_Paring_Knife_front.jpg","contentUrl":"https:\/\/nutrifresh.com\/wp-content\/uploads\/2023\/08\/P511079_9.5cm_Paring_Knife_front.jpg","width":1200,"height":1200},{"@type":"BreadcrumbList","@id":"https:\/\/nutrifresh.com\/it\/p\/spelucchino\/#breadcrumb","itemListElement":[{"@type":"ListItem","position":1,"name":"Home","item":"https:\/\/nutrifresh.com\/it\/homepage\/"},{"@type":"ListItem","position":2,"name":"Acquista","item":"https:\/\/nutrifresh.com\/it\/acquista\/"},{"@type":"ListItem","position":3,"name":"Spelucchino"}]},{"@type":"WebSite","@id":"https:\/\/nutrifresh.com\/it\/#website","url":"https:\/\/nutrifresh.com\/it\/","name":"Nutrifresh","description":"A fresh way to eat healthier","potentialAction":[{"@type":"SearchAction","target":{"@type":"EntryPoint","urlTemplate":"https:\/\/nutrifresh.com\/it\/?s={search_term_string}"},"query-input":"required name=search_term_string"}],"inLanguage":"it-IT"}]}},"_links":{"self":[{"href":"https:\/\/nutrifresh.com\/it\/wp-json\/wp\/v2\/product\/7106","targetHints":{"allow":["GET"]}}],"collection":[{"href":"https:\/\/nutrifresh.com\/it\/wp-json\/wp\/v2\/product"}],"about":[{"href":"https:\/\/nutrifresh.com\/it\/wp-json\/wp\/v2\/types\/product"}],"wp:featuredmedia":[{"embeddable":true,"href":"https:\/\/nutrifresh.com\/it\/wp-json\/wp\/v2\/media\/4656"}],"wp:attachment":[{"href":"https:\/\/nutrifresh.com\/it\/wp-json\/wp\/v2\/media?parent=7106"}],"wp:term":[{"taxonomy":"product_cat","embeddable":true,"href":"https:\/\/nutrifresh.com\/it\/wp-json\/wp\/v2\/product_cat?post=7106"},{"taxonomy":"product_tag","embeddable":true,"href":"https:\/\/nutrifresh.com\/it\/wp-json\/wp\/v2\/product_tag?post=7106"}],"curies":[{"name":"wp","href":"https:\/\/api.w.org\/{rel}","templated":true}]}}